{"id":491,"date":"2016-05-30T17:07:07","date_gmt":"2016-05-30T17:07:07","guid":{"rendered":"https:\/\/masterbrico.pt\/servicos\/"},"modified":"2017-01-26T11:03:42","modified_gmt":"2017-01-26T11:03:42","slug":"servicos","status":"publish","type":"page","link":"https:\/\/masterbrico.pt\/fr\/servicos\/","title":{"rendered":"Services"},"content":{"rendered":"<section class=\"wpb-content-wrapper\"><p>[vc_row][vc_column width=\u00a0\u00bb1\/3&Prime; el_class=\u00a0\u00bbservicos\u00a0\u00bb][vc_custom_heading text=\u00a0\u00bbCHOISISSEZ LES PRODUITS\u00a0\u00bb font_container=\u00a0\u00bbtag:h2|text_align:center\u00a0\u00bb google_fonts=\u00a0\u00bbfont_family:Patrick%20Hand%3Aregular|font_style:400%20regular%3A400%3Anormal\u00a0\u00bb el_class=\u00a0\u00bbservico-title\u00a0\u00bb][vc_single_image image=\u00a0\u00bb476&Prime; img_size=\u00a0\u00bbfull\u00a0\u00bb alignment=\u00a0\u00bbcenter\u00a0\u00bb el_class=\u00a0\u00bbsevico-img\u00a0\u00bb][\/vc_column][vc_column width=\u00a0\u00bb1\/3&Prime; el_class=\u00a0\u00bbservicos\u00a0\u00bb][vc_custom_heading text=\u00a0\u00bbCHOISISSEZ LES QUANTIT\u00c9S\u00a0\u00bb font_container=\u00a0\u00bbtag:h2|text_align:center\u00a0\u00bb google_fonts=\u00a0\u00bbfont_family:Patrick%20Hand%3Aregular|font_style:400%20regular%3A400%3Anormal\u00a0\u00bb el_class=\u00a0\u00bbservico-title\u00a0\u00bb][vc_single_image image=\u00a0\u00bb122&Prime; img_size=\u00a0\u00bbfull\u00a0\u00bb alignment=\u00a0\u00bbcenter\u00a0\u00bb el_class=\u00a0\u00bbsevico-img\u00a0\u00bb][\/vc_column][vc_column width=\u00a0\u00bb1\/3&Prime; el_class=\u00a0\u00bbservicos last\u00a0\u00bb][vc_custom_heading text=\u00a0\u00bbCHOISISSEZ L&rsquo;EMBALLAGE\u00a0\u00bb font_container=\u00a0\u00bbtag:h2|text_align:center\u00a0\u00bb google_fonts=\u00a0\u00bbfont_family:Patrick%20Hand%3Aregular|font_style:400%20regular%3A400%3Anormal\u00a0\u00bb el_class=\u00a0\u00bbservico-title\u00a0\u00bb][vc_single_image image=\u00a0\u00bb478&Prime; img_size=\u00a0\u00bbfull\u00a0\u00bb alignment=\u00a0\u00bbcenter\u00a0\u00bb el_class=\u00a0\u00bbsevico-img\u00a0\u00bb][\/vc_column][\/vc_row][vc_row][vc_column][vc_custom_heading text=\u00a0\u00bbTYPES D&rsquo;EMBALLAGE\u00a0\u00bb font_container=\u00a0\u00bbtag:h2|text_align:center\u00a0\u00bb google_fonts=\u00a0\u00bbfont_family:%3Aregular|font_style:700&Prime; el_class=\u00a0\u00bbembalagens-title\u00a0\u00bb][\/vc_column][\/vc_row][vc_row full_width=\u00a0\u00bbstretch_row\u00a0\u00bb bg_type=\u00a0\u00bbimage\u00a0\u00bb parallax_style=\u00a0\u00bbvcpb-default\u00a0\u00bb bg_image_new=\u00a0\u00bbid^138|url^https:\/\/masterbrico.pt\/wp-content\/uploads\/2016\/05\/servicos-fundo-verde.png|caption^null|alt^null|title^servicos-fundo-verde|description^null\u00a0\u00bb bg_image_repeat=\u00a0\u00bbno-repeat\u00a0\u00bb bg_img_attach=\u00a0\u00bbfixed\u00a0\u00bb el_class=\u00a0\u00bbembalabens\u00a0\u00bb][vc_column width=\u00a0\u00bb1\/4&Prime;][vc_single_image image=\u00a0\u00bb55&Prime; alignment=\u00a0\u00bbcenter\u00a0\u00bb][vc_custom_heading text=\u00a0\u00bbEMBALLAGES \u00c0 BULLES\u00a0\u00bb font_container=\u00a0\u00bbtag:h2|text_align:center\u00a0\u00bb google_fonts=\u00a0\u00bbfont_family:Patrick%20Hand%3Aregular|font_style:400%20regular%3A400%3Anormal\u00a0\u00bb][vc_column_text el_class=\u00a0\u00bbembalabens-text\u00a0\u00bb]Id\u00e9al pour les produits expos\u00e9s en lin\u00e9aire. Pour de petites quantit\u00e9s.[\/vc_column_text][\/vc_column][vc_column width=\u00a0\u00bb1\/4&Prime;][vc_single_image image=\u00a0\u00bb57&Prime; alignment=\u00a0\u00bbcenter\u00a0\u00bb][vc_custom_heading text=\u00a0\u00bbSACS\u00a0\u00bb font_container=\u00a0\u00bbtag:h2|text_align:center\u00a0\u00bb google_fonts=\u00a0\u00bbfont_family:Patrick%20Hand%3Aregular|font_style:400%20regular%3A400%3Anormal\u00a0\u00bb][vc_column_text el_class=\u00a0\u00bbembalabens-text\u00a0\u00bb]Id\u00e9al pour le cross selling et pour les grilles.<br \/>\nPour des quantit\u00e9s moyennes.[\/vc_column_text][\/vc_column][vc_column width=\u00a0\u00bb1\/4&Prime;][vc_single_image image=\u00a0\u00bb54&Prime; alignment=\u00a0\u00bbcenter\u00a0\u00bb][vc_custom_heading text=\u00a0\u00bbSEAU PROMO\u00a0\u00bb font_container=\u00a0\u00bbtag:h2|text_align:center\u00a0\u00bb google_fonts=\u00a0\u00bbfont_family:Patrick%20Hand%3Aregular|font_style:400%20regular%3A400%3Anormal\u00a0\u00bb][vc_column_text el_class=\u00a0\u00bbembalabens-text\u00a0\u00bb]Id\u00e9al pour les produits en Promotion.<br \/>\nPour diff\u00e9rentes quantit\u00e9s.[\/vc_column_text][\/vc_column][vc_column width=\u00a0\u00bb1\/4&Prime;][vc_single_image image=\u00a0\u00bb244&Prime; alignment=\u00a0\u00bbcenter\u00a0\u00bb][vc_custom_heading text=\u00a0\u00bbSACS EN VRAC\u00a0\u00bb font_container=\u00a0\u00bbtag:h2|text_align:center\u00a0\u00bb google_fonts=\u00a0\u00bbfont_family:Patrick%20Hand%3Aregular|font_style:400%20regular%3A400%3Anormal\u00a0\u00bb][vc_column_text el_class=\u00a0\u00bbembalabens-text\u00a0\u00bb]Id\u00e9al pour les produits vendus en vrac.<br \/>\nPour de grandes quantit\u00e9s.[\/vc_column_text][\/vc_column][\/vc_row][vc_row][vc_column width=\u00a0\u00bb1\/2&Prime;][vc_single_image image=\u00a0\u00bb202&Prime; img_size=\u00a0\u00bbfull\u00a0\u00bb][\/vc_column][vc_column width=\u00a0\u00bb1\/2&Prime;][vc_custom_heading text=\u00a0\u00bbService de livraison centralis\u00e9 &#8211; avec ou sans s\u00e9paration de commandes par magasins\u00a0\u00bb font_container=\u00a0\u00bbtag:h3|text_align:left\u00a0\u00bb google_fonts=\u00a0\u00bbfont_family:Patrick%20Hand%3Aregular|font_style:400%20regular%3A400%3Anormal\u00a0\u00bb css=\u00a0\u00bb.vc_custom_1485175447947{margin-top: 0px !important;}\u00a0\u00bb][vc_column_text]Nous avons \u00e0 notre disposition un service enti\u00e8rement d\u00e9di\u00e9 o\u00f9 nous permettons \u00e0 nos clients qui ont plus d&rsquo;un magasin, qu&rsquo;il nous soit possible de livrer leur commande \u00e0 leur entrep\u00f4t central d\u00e9j\u00e0 s\u00e9par\u00e9e et d\u00e9j\u00e0 pr\u00e9par\u00e9e pour \u00eatre renvoy\u00e9es vers chacun des magasins du client.[\/vc_column_text][\/vc_column][\/vc_row][vc_row][vc_column width=\u00a0\u00bb1\/2&Prime;][vc_single_image image=\u00a0\u00bb204&Prime; img_size=\u00a0\u00bbfull\u00a0\u00bb][\/vc_column][vc_column width=\u00a0\u00bb1\/2&Prime;][vc_custom_heading text=\u00a0\u00bbService de livraison directe dans chaque magasin\u00a0\u00bb font_container=\u00a0\u00bbtag:h3|text_align:left\u00a0\u00bb google_fonts=\u00a0\u00bbfont_family:Patrick%20Hand%3Aregular|font_style:400%20regular%3A400%3Anormal\u00a0\u00bb css=\u00a0\u00bb.vc_custom_1485175504345{margin-top: 0px !important;}\u00a0\u00bb][vc_column_text]Nous faisons tous les jours des livraisons directes dans des magasins dans plusieurs villes du Pays, o\u00f9 les produits sortent de notre entrep\u00f4t pour \u00eatre livr\u00e9s directement dans chaque magasin en facilitant leur entr\u00e9e sur le circuit de ventes.[\/vc_column_text][\/vc_column][\/vc_row][vc_row][vc_column width=\u00a0\u00bb1\/2&Prime;][vc_single_image image=\u00a0\u00bb246&Prime; img_size=\u00a0\u00bbfull\u00a0\u00bb][\/vc_column][vc_column width=\u00a0\u00bb1\/2&Prime;][vc_custom_heading text=\u00a0\u00bbService de D\u00e9veloppement de propres Marques\u00a0\u00bb font_container=\u00a0\u00bbtag:h3|text_align:left\u00a0\u00bb google_fonts=\u00a0\u00bbfont_family:Patrick%20Hand%3Aregular|font_style:400%20regular%3A400%3Anormal\u00a0\u00bb css=\u00a0\u00bb.vc_custom_1485175531149{margin-top: 0px !important;}\u00a0\u00bb][vc_column_text]De plus en plus, nos clients parient sur leurs propres marques et pour que nous puissions r\u00e9pondre \u00e0 ce besoin, il nous est possible de r\u00e9aliser la production d&#8217;emballages et de produits avec la marque que chacun souhaite.[\/vc_column_text][\/vc_column][\/vc_row]<\/p>\n<\/section>","protected":false},"excerpt":{"rendered":"<p>Le client choisit, nous emballons: indiquer le type de paquet que vous voulez, ce que les mat\u00e9riaux (&#8230;)<\/p>\n","protected":false},"author":1,"featured_media":45,"parent":0,"menu_order":0,"comment_status":"closed","ping_status":"closed","template":"page-servicos.php","meta":{"_acf_changed":false,"footnotes":""},"class_list":["post-491","page","type-page","status-publish","has-post-thumbnail","hentry"],"acf":[],"_links":{"self":[{"href":"https:\/\/masterbrico.pt\/fr\/wp-json\/wp\/v2\/pages\/491","targetHints":{"allow":["GET"]}}],"collection":[{"href":"https:\/\/masterbrico.pt\/fr\/wp-json\/wp\/v2\/pages"}],"about":[{"href":"https:\/\/masterbrico.pt\/fr\/wp-json\/wp\/v2\/types\/page"}],"author":[{"embeddable":true,"href":"https:\/\/masterbrico.pt\/fr\/wp-json\/wp\/v2\/users\/1"}],"replies":[{"embeddable":true,"href":"https:\/\/masterbrico.pt\/fr\/wp-json\/wp\/v2\/comments?post=491"}],"version-history":[{"count":5,"href":"https:\/\/masterbrico.pt\/fr\/wp-json\/wp\/v2\/pages\/491\/revisions"}],"predecessor-version":[{"id":639,"href":"https:\/\/masterbrico.pt\/fr\/wp-json\/wp\/v2\/pages\/491\/revisions\/639"}],"wp:featuredmedia":[{"embeddable":true,"href":"https:\/\/masterbrico.pt\/fr\/wp-json\/wp\/v2\/media\/45"}],"wp:attachment":[{"href":"https:\/\/masterbrico.pt\/fr\/wp-json\/wp\/v2\/media?parent=491"}],"curies":[{"name":"wp","href":"https:\/\/api.w.org\/{rel}","templated":true}]}}