{"id":489,"date":"2016-05-30T17:06:54","date_gmt":"2016-05-30T17:06:54","guid":{"rendered":"https:\/\/masterbrico.pt\/quem-somos\/"},"modified":"2017-01-26T11:11:19","modified_gmt":"2017-01-26T11:11:19","slug":"quem-somos","status":"publish","type":"page","link":"https:\/\/masterbrico.pt\/fr\/quem-somos\/","title":{"rendered":"Qui Sommes-Nous"},"content":{"rendered":"<section class=\"wpb-content-wrapper\"><p>[vc_row][vc_column][vc_custom_heading text=\u00a0\u00bbHISTOIRE\u00a0\u00bb font_container=\u00a0\u00bbtag:h2|text_align:left|color:%23484849&Prime; google_fonts=\u00a0\u00bbfont_family:Patrick%20Hand%3Aregular|font_style:400%20regular%3A400%3Anormal\u00a0\u00bb][vc_column_text]<strong>Masterbrico est une entreprise portugaise.<\/strong><br \/>\nFond\u00e9e \u00e0 Viseu en 2011, elle a d\u00e9but\u00e9 son activit\u00e9 dans le commerce de produits pour le bricolage. Elle travaille essentiellement avec des usines nationales de fa\u00e7on \u00e0 garantir une meilleure qualit\u00e9 \u00e0 ses clients \u00e0 co\u00fbt r\u00e9duit. Elle a sp\u00e9cialis\u00e9 son activit\u00e9 dans la vente de mandrins de serrage, de c\u00e2bles en acier, de cha\u00eenes et accessoires respectifs et a tr\u00e8s vite \u00e9largi son offre de produits \u00e0 d&rsquo;autres gammes comme les ferrures et la quincaillerie parmi d&rsquo;autres solutions de fixation.[\/vc_column_text][\/vc_column][\/vc_row][vc_row][vc_column][vc_custom_heading text=\u00a0\u00bbMISSION\u00a0\u00bb font_container=\u00a0\u00bbtag:h2|text_align:left|color:%23484849&Prime; google_fonts=\u00a0\u00bbfont_family:Patrick%20Hand%3Aregular|font_style:400%20regular%3A400%3Anormal\u00a0\u00bb][vc_column_text]<strong>Satisfaire nos clients.<\/strong><br \/>\nNous \u00e9coutons nos clients, nous id\u00e9alisons des solutions pour leurs besoins, nous d\u00e9veloppons et nous testons des solutions jusqu&rsquo;\u00e0 ce qu&rsquo;elles soient parfaites pour la commercialisation. C&rsquo;est de cette fa\u00e7on que nous signons notre marque avec la phrase \u00ab\u00a0Si vous \u00eates \u00e0 la recherche, nous en avons\u00a0![\/vc_column_text][\/vc_column][\/vc_row][vc_row][vc_column][vc_custom_heading text=\u00a0\u00bbOBJECTIFS\u00a0\u00bb font_container=\u00a0\u00bbtag:h2|text_align:left|color:%23484849&Prime; google_fonts=\u00a0\u00bbfont_family:Patrick%20Hand%3Aregular|font_style:400%20regular%3A400%3Anormal\u00a0\u00bb][vc_column_text]<strong>D\u00e9passer les attentes de nos clients.<\/strong><br \/>\nAvoir le meilleur rapport qualit\u00e9\u00a0\/\u00a0prix.<br \/>\nFournir des produits de qualit\u00e9 avec le d\u00e9veloppement des entreprises nationales.<\/p>\n<p>Soutenir le projet de chaque client.<\/p>\n<p>D\u00e9velopper des partenariats solides, dynamiques et durables.[\/vc_column_text][\/vc_column][\/vc_row][vc_row][vc_column width=\u00a0\u00bb2\/3&Prime;][vc_custom_heading text=\u00a0\u00bbMARQUES\u00a0\u00bb font_container=\u00a0\u00bbtag:h2|text_align:left|color:%23484849&Prime; google_fonts=\u00a0\u00bbfont_family:Patrick%20Hand%3Aregular|font_style:400%20regular%3A400%3Anormal\u00a0\u00bb][vc_column_text]<strong>Masterbrico est une Marque D\u00e9pos\u00e9e.<\/strong><br \/>\nPour pouvoir garantir au march\u00e9 une confiance totale en nos produits, l&rsquo;entreprise a depuis tr\u00e8s t\u00f4t d\u00e9pos\u00e9 sa marque au niveau europ\u00e9en pour offrir et transmettre cette confiance \u00e0 tous ceux qui commercialisent et qui utilisent tous nos produits au quotidien.[\/vc_column_text][\/vc_column][vc_column width=\u00a0\u00bb1\/3&Prime;][vc_empty_space][vc_single_image image=\u00a0\u00bb200&Prime; img_size=\u00a0\u00bbfull\u00a0\u00bb][\/vc_column][\/vc_row][vc_row][vc_column width=\u00a0\u00bb2\/3&Prime;][vc_custom_heading text=\u00a0\u00bbCERTIFICATION\u00a0\u00bb font_container=\u00a0\u00bbtag:h2|text_align:left|color:%23484849&Prime; google_fonts=\u00a0\u00bbfont_family:Patrick%20Hand%3Aregular|font_style:400%20regular%3A400%3Anormal\u00a0\u00bb][vc_column_text]<strong>Masterbrico est une entreprise Certifi\u00e9e.<\/strong><br \/>\nL&rsquo;entreprise a re\u00e7u la Certification IAPMEI en tant qu&rsquo;entreprise nationale pour la troisi\u00e8me ann\u00e9e cons\u00e9cutive, avec des rapports et des indices de d\u00e9veloppement durable pour le march\u00e9 national et international.<\/p>\n<p>Nous sommes fiers de cette certification car elle donne de la visibilit\u00e9 au travail que nous produisons pour vous tous les jours\u00a0![\/vc_column_text][\/vc_column][vc_column width=\u00a0\u00bb1\/3&Prime;][vc_empty_space][vc_single_image image=\u00a0\u00bb242&Prime; img_size=\u00a0\u00bbfull\u00a0\u00bb onclick=\u00a0\u00bbimg_link_large\u00a0\u00bb img_link_target=\u00a0\u00bb_blank\u00a0\u00bb][\/vc_column][\/vc_row][vc_row][vc_column width=\u00a0\u00bb2\/3&Prime;][vc_custom_heading text=\u00a0\u00bbRS &amp; ENVIRONNEMENTALE\u00a0\u00bb font_container=\u00a0\u00bbtag:h2|text_align:left|color:%23484849&Prime; google_fonts=\u00a0\u00bbfont_family:Patrick%20Hand%3Aregular|font_style:400%20regular%3A400%3Anormal\u00a0\u00bb][vc_column_text]<strong>Masterbrico prend soin de l&rsquo;Environnement.<br \/>\n<\/strong>Nous prenons soin et nous pr\u00e9servons l&rsquo;environnement de plusieurs fa\u00e7ons au sein de l&rsquo;entreprise, en allant du recyclage des papiers et du carton mais aussi des emballages en plastique. De plus, nous avons adh\u00e9r\u00e9 \u00e0 la Sociedade Ponto Verde en contribuant \u00e0 la gestion des emballages que nous introduisons sur le march\u00e9. Nous faisons tr\u00e8s attention \u00e0 ce sujet de Responsabilit\u00e9 Sociale.[\/vc_column_text][\/vc_column][vc_column width=\u00a0\u00bb1\/3&Prime;][vc_empty_space][vc_single_image image=\u00a0\u00bb218&Prime; img_size=\u00a0\u00bbfull\u00a0\u00bb onclick=\u00a0\u00bbimg_link_large\u00a0\u00bb img_link_target=\u00a0\u00bb_blank\u00a0\u00bb][\/vc_column][\/vc_row]<\/p>\n<\/section>","protected":false},"excerpt":{"rendered":"<p>[vc_row][vc_column][vc_custom_heading text=\u00a0\u00bbHISTOIRE\u00a0\u00bb font_container=\u00a0\u00bbtag:h2|text_align:left|color:%23484849&Prime; google_fonts=\u00a0\u00bbfont_family:Patrick%20Hand%3Aregular|font_style:400%20regular%3A400%3Anormal\u00a0\u00bb][vc_column_text]Masterbrico est une entreprise portugaise. Fond\u00e9e \u00e0 Viseu en 2011, elle a d\u00e9but\u00e9 son activit\u00e9 dans le commerce de produits pour le bricolage. Elle travaille essentiellement avec des usines nationales de fa\u00e7on \u00e0 garantir une meilleure qualit\u00e9 \u00e0 ses clients \u00e0 co\u00fbt r\u00e9duit. Elle a sp\u00e9cialis\u00e9 son activit\u00e9 dans la vente de [&hellip;]<\/p>\n","protected":false},"author":1,"featured_media":2037,"parent":0,"menu_order":0,"comment_status":"closed","ping_status":"closed","template":"","meta":{"_acf_changed":false,"footnotes":""},"class_list":["post-489","page","type-page","status-publish","has-post-thumbnail","hentry"],"acf":[],"_links":{"self":[{"href":"https:\/\/masterbrico.pt\/fr\/wp-json\/wp\/v2\/pages\/489","targetHints":{"allow":["GET"]}}],"collection":[{"href":"https:\/\/masterbrico.pt\/fr\/wp-json\/wp\/v2\/pages"}],"about":[{"href":"https:\/\/masterbrico.pt\/fr\/wp-json\/wp\/v2\/types\/page"}],"author":[{"embeddable":true,"href":"https:\/\/masterbrico.pt\/fr\/wp-json\/wp\/v2\/users\/1"}],"replies":[{"embeddable":true,"href":"https:\/\/masterbrico.pt\/fr\/wp-json\/wp\/v2\/comments?post=489"}],"version-history":[{"count":4,"href":"https:\/\/masterbrico.pt\/fr\/wp-json\/wp\/v2\/pages\/489\/revisions"}],"predecessor-version":[{"id":642,"href":"https:\/\/masterbrico.pt\/fr\/wp-json\/wp\/v2\/pages\/489\/revisions\/642"}],"wp:featuredmedia":[{"embeddable":true,"href":"https:\/\/masterbrico.pt\/fr\/wp-json\/wp\/v2\/media\/2037"}],"wp:attachment":[{"href":"https:\/\/masterbrico.pt\/fr\/wp-json\/wp\/v2\/media?parent=489"}],"curies":[{"name":"wp","href":"https:\/\/api.w.org\/{rel}","templated":true}]}}