{"id":492,"date":"2016-05-30T17:07:07","date_gmt":"2016-05-30T17:07:07","guid":{"rendered":"https:\/\/masterbrico.pt\/servicos\/"},"modified":"2017-01-26T11:04:20","modified_gmt":"2017-01-26T11:04:20","slug":"servicos","status":"publish","type":"page","link":"https:\/\/masterbrico.pt\/es\/servicos\/","title":{"rendered":"Servicios"},"content":{"rendered":"<section class=\"wpb-content-wrapper\"><p>[vc_row][vc_column width=\u00bb1\/3&#8243; el_class=\u00bbservicos\u00bb][vc_custom_heading text=\u00bbELIJA LOS PRODUCTOS\u00bb font_container=\u00bbtag:h2|text_align:center\u00bb google_fonts=\u00bbfont_family:Patrick%20Hand%3Aregular|font_style:400%20regular%3A400%3Anormal\u00bb el_class=\u00bbservico-title\u00bb][vc_single_image image=\u00bb476&#8243; img_size=\u00bbfull\u00bb alignment=\u00bbcenter\u00bb el_class=\u00bbsevico-img\u00bb][\/vc_column][vc_column width=\u00bb1\/3&#8243; el_class=\u00bbservicos\u00bb][vc_custom_heading text=\u00bbELIJA LAS CANTIDADES\u00bb font_container=\u00bbtag:h2|text_align:center\u00bb google_fonts=\u00bbfont_family:Patrick%20Hand%3Aregular|font_style:400%20regular%3A400%3Anormal\u00bb el_class=\u00bbservico-title\u00bb][vc_single_image image=\u00bb122&#8243; img_size=\u00bbfull\u00bb alignment=\u00bbcenter\u00bb el_class=\u00bbsevico-img\u00bb][\/vc_column][vc_column width=\u00bb1\/3&#8243; el_class=\u00bbservicos last\u00bb][vc_custom_heading text=\u00bbELIJA EL EMBALAJE\u00bb font_container=\u00bbtag:h2|text_align:center\u00bb google_fonts=\u00bbfont_family:Patrick%20Hand%3Aregular|font_style:400%20regular%3A400%3Anormal\u00bb el_class=\u00bbservico-title\u00bb][vc_single_image image=\u00bb478&#8243; img_size=\u00bbfull\u00bb alignment=\u00bbcenter\u00bb el_class=\u00bbsevico-img\u00bb][\/vc_column][\/vc_row][vc_row][vc_column][vc_custom_heading text=\u00bbTIPOS DE EMBALAJES\u00bb font_container=\u00bbtag:h2|text_align:center\u00bb google_fonts=\u00bbfont_family:%3Aregular|font_style:700&#8243; el_class=\u00bbembalagens-title\u00bb][\/vc_column][\/vc_row][vc_row full_width=\u00bbstretch_row\u00bb bg_type=\u00bbimage\u00bb parallax_style=\u00bbvcpb-default\u00bb bg_image_new=\u00bbid^138|url^https:\/\/masterbrico.pt\/wp-content\/uploads\/2016\/05\/servicos-fundo-verde.png|caption^null|alt^null|title^servicos-fundo-verde|description^null\u00bb bg_image_repeat=\u00bbno-repeat\u00bb bg_img_attach=\u00bbfixed\u00bb el_class=\u00bbembalabens\u00bb][vc_column width=\u00bb1\/4&#8243;][vc_single_image image=\u00bb55&#8243; alignment=\u00bbcenter\u00bb][vc_custom_heading text=\u00bbSOBRES\u00bb font_container=\u00bbtag:h2|text_align:center\u00bb google_fonts=\u00bbfont_family:Patrick%20Hand%3Aregular|font_style:400%20regular%3A400%3Anormal\u00bb][vc_column_text el_class=\u00bbembalabens-text\u00bb]Ideal para productos expuestos de manera lineal. Para peque\u00f1as cantidades[\/vc_column_text][\/vc_column][vc_column width=\u00bb1\/4&#8243;][vc_single_image image=\u00bb57&#8243; alignment=\u00bbcenter\u00bb][vc_custom_heading text=\u00bbBOLSAS\u00bb font_container=\u00bbtag:h2|text_align:center\u00bb google_fonts=\u00bbfont_family:Patrick%20Hand%3Aregular|font_style:400%20regular%3A400%3Anormal\u00bb][vc_column_text el_class=\u00bbembalabens-text\u00bb]Ideal para cross-selling y rejillas.<br \/>\nPara cantidades medias[\/vc_column_text][\/vc_column][vc_column width=\u00bb1\/4&#8243;][vc_single_image image=\u00bb54&#8243; alignment=\u00bbcenter\u00bb][vc_custom_heading text=\u00bbBALDES PARA PROMOCIONES\u00bb font_container=\u00bbtag:h2|text_align:center\u00bb google_fonts=\u00bbfont_family:Patrick%20Hand%3Aregular|font_style:400%20regular%3A400%3Anormal\u00bb][vc_column_text el_class=\u00bbembalabens-text\u00bb]Ideal para productos en oferta.<br \/>\nPara cantidades variadas.[\/vc_column_text][\/vc_column][vc_column width=\u00bb1\/4&#8243;][vc_single_image image=\u00bb244&#8243; alignment=\u00bbcenter\u00bb][vc_custom_heading text=\u00bbBOLSAS GRANEL\u00bb font_container=\u00bbtag:h2|text_align:center\u00bb google_fonts=\u00bbfont_family:Patrick%20Hand%3Aregular|font_style:400%20regular%3A400%3Anormal\u00bb][vc_column_text el_class=\u00bbembalabens-text\u00bb]Ideal para productos de venta a granel.<br \/>\nPara grandes cantidades.[\/vc_column_text][\/vc_column][\/vc_row][vc_row][vc_column width=\u00bb1\/2&#8243;][vc_single_image image=\u00bb202&#8243; img_size=\u00bbfull\u00bb][\/vc_column][vc_column width=\u00bb1\/2&#8243;][vc_custom_heading text=\u00bbServicio de entrega centralizado. Con o sin separaci\u00f3n de pedidos para tiendas.\u00bb font_container=\u00bbtag:h3|text_align:left\u00bb google_fonts=\u00bbfont_family:Patrick%20Hand%3Aregular|font_style:400%20regular%3A400%3Anormal\u00bb css=\u00bb.vc_custom_1485254073453{margin-top: 0px !important;}\u00bb][vc_column_text]Disponemos de un servicio exclusivo con el que ofrecemos a los clientes que tengan m\u00e1s de una tienda, la posibilidad de entregar el pedido en su almac\u00e9n central. El pedido ir\u00e1 separado y preparado para ser reenviado a cada una de las tiendas del cliente.[\/vc_column_text][\/vc_column][\/vc_row][vc_row][vc_column width=\u00bb1\/2&#8243;][vc_single_image image=\u00bb204&#8243; img_size=\u00bbfull\u00bb][\/vc_column][vc_column width=\u00bb1\/2&#8243;][vc_custom_heading text=\u00bbServicio de entrega directa tienda a tienda\u00bb font_container=\u00bbtag:h3|text_align:left\u00bb google_fonts=\u00bbfont_family:Patrick%20Hand%3Aregular|font_style:400%20regular%3A400%3Anormal\u00bb css=\u00bb.vc_custom_1485254150513{margin-top: 0px !important;}\u00bb][vc_column_text]Hacemos entregas directas todos los d\u00edas en tiendas situadas en diferentes puntos del pa\u00eds. Los productos salen de nuestro almac\u00e9n para ser entregados directamente en cada tienda, lo que facilita su entrada en el circuito de venta.[\/vc_column_text][\/vc_column][\/vc_row][vc_row][vc_column width=\u00bb1\/2&#8243;][vc_single_image image=\u00bb246&#8243; img_size=\u00bbfull\u00bb][\/vc_column][vc_column width=\u00bb1\/2&#8243;][vc_custom_heading text=\u00bbServicio de desarrollo de marcas propias\u00bb font_container=\u00bbtag:h3|text_align:left\u00bb google_fonts=\u00bbfont_family:Patrick%20Hand%3Aregular|font_style:400%20regular%3A400%3Anormal\u00bb css=\u00bb.vc_custom_1485254192621{margin-top: 0px !important;}\u00bb][vc_column_text]Nuestros clientes apuestan cada vez m\u00e1s por las marcas propias, y para poder dar respuesta a esta necesidad ofrecemos la posibilidad de producir embalajes y productos con la marca que cada cliente desee.[\/vc_column_text][\/vc_column][\/vc_row]<\/p>\n<\/section>","protected":false},"excerpt":{"rendered":"<p>El cliente elige, embalamos: indicar el tipo de paquete que desea, qu\u00e9 materiales (&#8230;)<\/p>\n","protected":false},"author":1,"featured_media":45,"parent":0,"menu_order":0,"comment_status":"closed","ping_status":"closed","template":"page-servicos.php","meta":{"_acf_changed":false,"footnotes":""},"class_list":["post-492","page","type-page","status-publish","has-post-thumbnail","hentry"],"acf":[],"_links":{"self":[{"href":"https:\/\/masterbrico.pt\/es\/wp-json\/wp\/v2\/pages\/492","targetHints":{"allow":["GET"]}}],"collection":[{"href":"https:\/\/masterbrico.pt\/es\/wp-json\/wp\/v2\/pages"}],"about":[{"href":"https:\/\/masterbrico.pt\/es\/wp-json\/wp\/v2\/types\/page"}],"author":[{"embeddable":true,"href":"https:\/\/masterbrico.pt\/es\/wp-json\/wp\/v2\/users\/1"}],"replies":[{"embeddable":true,"href":"https:\/\/masterbrico.pt\/es\/wp-json\/wp\/v2\/comments?post=492"}],"version-history":[{"count":5,"href":"https:\/\/masterbrico.pt\/es\/wp-json\/wp\/v2\/pages\/492\/revisions"}],"predecessor-version":[{"id":640,"href":"https:\/\/masterbrico.pt\/es\/wp-json\/wp\/v2\/pages\/492\/revisions\/640"}],"wp:featuredmedia":[{"embeddable":true,"href":"https:\/\/masterbrico.pt\/es\/wp-json\/wp\/v2\/media\/45"}],"wp:attachment":[{"href":"https:\/\/masterbrico.pt\/es\/wp-json\/wp\/v2\/media?parent=492"}],"curies":[{"name":"wp","href":"https:\/\/api.w.org\/{rel}","templated":true}]}}